{"id":345,"date":"2019-11-28T11:46:59","date_gmt":"2019-11-28T14:46:59","guid":{"rendered":"http:\/\/www.verdeplaza.com.br\/hotelemlivramento\/?page_id=345"},"modified":"2019-12-06T17:27:05","modified_gmt":"2019-12-06T20:27:05","slug":"cafe-da-manha","status":"publish","type":"page","link":"https:\/\/www.verdeplaza.com.br\/hotelemlivramento\/cafe-da-manha\/","title":{"rendered":"Caf\u00e9 da Manh\u00e3"},"content":{"rendered":"\n<p>Todas as di\u00e1rias incluem um saboroso caf\u00e9 da manh\u00e3 composto pelos seguintes itens: bolo doce (oito variedades), bolo salgado (duas variedades), frios (queijo, presunto, mortadela, salaminho e queijo col\u00f4nia), sucos de caixa (abacaxi e laranja), croissants doces e salgados, p\u00e3es (cacetinho, fofinho integral, fofinho doce, p\u00e3o italiano, p\u00e3o de forma e branco), iogurte (morango e salada de fruta), frutas (mam\u00e3o, abacaxi e mel\u00e3o) e salada de frutas, variedade de cereais e de gel\u00e9ias, omelete e molho de salsicha.<\/p>\n\n\n\n<p><strong>Hor\u00e1rio<\/strong>: 07h \u00e0s 10h.<\/p>\n","protected":false},"excerpt":{"rendered":"<p>Todas as di\u00e1rias incluem um saboroso caf\u00e9 da manh\u00e3 composto pelos seguintes itens: bolo doce (oito variedades), bolo salgado (duas variedades), frios (queijo, presunto, mortadela, salaminho e queijo col\u00f4nia), sucos de caixa (abacaxi e laranja), croissants doces e salgados, p\u00e3es (cacetinho, fofinho integral, fofinho doce, p\u00e3o italiano, p\u00e3o de forma e branco), iogurte (morango e [&hellip;]<\/p>\n","protected":false},"author":1,"featured_media":0,"parent":0,"menu_order":0,"comment_status":"closed","ping_status":"closed","template":"","meta":{"footnotes":""},"_links":{"self":[{"href":"https:\/\/www.verdeplaza.com.br\/hotelemlivramento\/wp-json\/wp\/v2\/pages\/345"}],"collection":[{"href":"https:\/\/www.verdeplaza.com.br\/hotelemlivramento\/wp-json\/wp\/v2\/pages"}],"about":[{"href":"https:\/\/www.verdeplaza.com.br\/hotelemlivramento\/wp-json\/wp\/v2\/types\/page"}],"author":[{"embeddable":true,"href":"https:\/\/www.verdeplaza.com.br\/hotelemlivramento\/wp-json\/wp\/v2\/users\/1"}],"replies":[{"embeddable":true,"href":"https:\/\/www.verdeplaza.com.br\/hotelemlivramento\/wp-json\/wp\/v2\/comments?post=345"}],"version-history":[{"count":2,"href":"https:\/\/www.verdeplaza.com.br\/hotelemlivramento\/wp-json\/wp\/v2\/pages\/345\/revisions"}],"predecessor-version":[{"id":498,"href":"https:\/\/www.verdeplaza.com.br\/hotelemlivramento\/wp-json\/wp\/v2\/pages\/345\/revisions\/498"}],"wp:attachment":[{"href":"https:\/\/www.verdeplaza.com.br\/hotelemlivramento\/wp-json\/wp\/v2\/media?parent=345"}],"curies":[{"name":"wp","href":"https:\/\/api.w.org\/{rel}","templated":true}]}}