{"id":363,"date":"2019-11-28T11:50:04","date_gmt":"2019-11-28T14:50:04","guid":{"rendered":"http:\/\/www.verdeplaza.com.br\/hotelemlivramento\/?page_id=363"},"modified":"2019-12-06T17:36:49","modified_gmt":"2019-12-06T20:36:49","slug":"check-in-gourmet","status":"publish","type":"page","link":"https:\/\/www.verdeplaza.com.br\/hotelemlivramento\/check-in-gourmet\/","title":{"rendered":"Check-in Gourmet"},"content":{"rendered":"\n<p>Mais um servi\u00e7o inovador do Grupo Verde Plaza, o Check in Gourmet te oferece um ambiente de intera\u00e7\u00e3o descontra\u00edda no hall dos hot\u00e9is, regado a boa m\u00fasica e petiscos enquanto voc\u00ea faz o seu check in ou chega das compras. Em algumas ocasi\u00f5es, empresas locais realizam a degusta\u00e7\u00e3o de seus produtos oferecendo a oportunidade de apreciar a gastronomia da nossa fronteira. Geralmente acontece em alta temporada ou conforme solicita\u00e7\u00e3o para grupos e excurs\u00f5es de h\u00f3spedes. <\/p>\n\n\n\n<figure class=\"wp-block-image size-large\"><img decoding=\"async\" loading=\"lazy\" width=\"550\" height=\"157\" src=\"http:\/\/www.verdeplaza.com.br\/hotelemlivramento\/wp-content\/uploads\/2019\/12\/checkin_gourmet.jpg\" alt=\"\" class=\"wp-image-502\" srcset=\"https:\/\/www.verdeplaza.com.br\/hotelemlivramento\/wp-content\/uploads\/2019\/12\/checkin_gourmet.jpg 550w, https:\/\/www.verdeplaza.com.br\/hotelemlivramento\/wp-content\/uploads\/2019\/12\/checkin_gourmet-300x86.jpg 300w, https:\/\/www.verdeplaza.com.br\/hotelemlivramento\/wp-content\/uploads\/2019\/12\/checkin_gourmet-350x100.jpg 350w\" sizes=\"(max-width: 550px) 100vw, 550px\" \/><\/figure>\n","protected":false},"excerpt":{"rendered":"<p>Mais um servi\u00e7o inovador do Grupo Verde Plaza, o Check in Gourmet te oferece um ambiente de intera\u00e7\u00e3o descontra\u00edda no hall dos hot\u00e9is, regado a boa m\u00fasica e petiscos enquanto voc\u00ea faz o seu check in ou chega das compras. Em algumas ocasi\u00f5es, empresas locais realizam a degusta\u00e7\u00e3o de seus produtos oferecendo a oportunidade de [&hellip;]<\/p>\n","protected":false},"author":1,"featured_media":0,"parent":0,"menu_order":0,"comment_status":"closed","ping_status":"closed","template":"","meta":{"footnotes":""},"_links":{"self":[{"href":"https:\/\/www.verdeplaza.com.br\/hotelemlivramento\/wp-json\/wp\/v2\/pages\/363"}],"collection":[{"href":"https:\/\/www.verdeplaza.com.br\/hotelemlivramento\/wp-json\/wp\/v2\/pages"}],"about":[{"href":"https:\/\/www.verdeplaza.com.br\/hotelemlivramento\/wp-json\/wp\/v2\/types\/page"}],"author":[{"embeddable":true,"href":"https:\/\/www.verdeplaza.com.br\/hotelemlivramento\/wp-json\/wp\/v2\/users\/1"}],"replies":[{"embeddable":true,"href":"https:\/\/www.verdeplaza.com.br\/hotelemlivramento\/wp-json\/wp\/v2\/comments?post=363"}],"version-history":[{"count":2,"href":"https:\/\/www.verdeplaza.com.br\/hotelemlivramento\/wp-json\/wp\/v2\/pages\/363\/revisions"}],"predecessor-version":[{"id":503,"href":"https:\/\/www.verdeplaza.com.br\/hotelemlivramento\/wp-json\/wp\/v2\/pages\/363\/revisions\/503"}],"wp:attachment":[{"href":"https:\/\/www.verdeplaza.com.br\/hotelemlivramento\/wp-json\/wp\/v2\/media?parent=363"}],"curies":[{"name":"wp","href":"https:\/\/api.w.org\/{rel}","templated":true}]}}