{"id":369,"date":"2019-11-28T11:50:43","date_gmt":"2019-11-28T14:50:43","guid":{"rendered":"http:\/\/www.verdeplaza.com.br\/hotelemlivramento\/?page_id=369"},"modified":"2019-12-06T17:38:48","modified_gmt":"2019-12-06T20:38:48","slug":"sala-vip","status":"publish","type":"page","link":"https:\/\/www.verdeplaza.com.br\/hotelemlivramento\/sala-vip\/","title":{"rendered":"Sala VIP"},"content":{"rendered":"\n<p>Pensando em melhor atender as necessidades de seus clientes o Grupo Verde Plaza Hotel, criou uma sala vip que fica localizada no Nuevo Hotel em Rivera-UY, desta forma os h\u00f3spedes poder\u00e3o efetuar suas compras tranquilamente e direcionar-se at\u00e9 a sala vip para solicitar o servi\u00e7o de transporte, enquanto ficam aguardando, podem degustar um delicioso caf\u00e9zinho.<\/p>\n\n\n\n<p>O para\u00edso das compras em Freeshops bem pertinho de voc\u00ea, em&nbsp;<strong>Santana do Livramento<\/strong>, fronteira com<strong>&nbsp;Rivera &#8211; Uruguay<\/strong>, que com paradis\u00edacos locais para passeios, deliciosa gastronomia binacional e um completo modelo de atendimento ao turista, oferecido pelo Grupo Verde Plaza.<\/p>\n\n\n\n<p>S\u00e3o quatro&nbsp;hot\u00e9is incr\u00edveis e com m\u00faltiplas op\u00e7\u00f5es para voc\u00ea escolher, tanto para passeios tur\u00edsticos, compras e lazer em lua de mel e em fam\u00edlia.<\/p>\n\n\n\n<p>Dentro dos servi\u00e7os TOP oferecidos pelo grupo, a&nbsp;<strong>Sala VIP<\/strong>&nbsp;\u00e9 um dos mais procurados para descanso, espera dos traslados e principalmente suporte para as compras nos Freeshops, pois algumas&nbsp;lojas entregam suas compras para serem trazidos at\u00e9 o Hotel Verde Plaza pelo nosso servi\u00e7o de translado.<\/p>\n\n\n\n<p>Tudo para oferecer seguran\u00e7a, conforto e comodidade para nossos clientes.<\/p>\n","protected":false},"excerpt":{"rendered":"<p>Pensando em melhor atender as necessidades de seus clientes o Grupo Verde Plaza Hotel, criou uma sala vip que fica localizada no Nuevo Hotel em Rivera-UY, desta forma os h\u00f3spedes poder\u00e3o efetuar suas compras tranquilamente e direcionar-se at\u00e9 a sala vip para solicitar o servi\u00e7o de transporte, enquanto ficam aguardando, podem degustar um delicioso caf\u00e9zinho. [&hellip;]<\/p>\n","protected":false},"author":1,"featured_media":0,"parent":0,"menu_order":0,"comment_status":"closed","ping_status":"closed","template":"","meta":{"footnotes":""},"_links":{"self":[{"href":"https:\/\/www.verdeplaza.com.br\/hotelemlivramento\/wp-json\/wp\/v2\/pages\/369"}],"collection":[{"href":"https:\/\/www.verdeplaza.com.br\/hotelemlivramento\/wp-json\/wp\/v2\/pages"}],"about":[{"href":"https:\/\/www.verdeplaza.com.br\/hotelemlivramento\/wp-json\/wp\/v2\/types\/page"}],"author":[{"embeddable":true,"href":"https:\/\/www.verdeplaza.com.br\/hotelemlivramento\/wp-json\/wp\/v2\/users\/1"}],"replies":[{"embeddable":true,"href":"https:\/\/www.verdeplaza.com.br\/hotelemlivramento\/wp-json\/wp\/v2\/comments?post=369"}],"version-history":[{"count":2,"href":"https:\/\/www.verdeplaza.com.br\/hotelemlivramento\/wp-json\/wp\/v2\/pages\/369\/revisions"}],"predecessor-version":[{"id":505,"href":"https:\/\/www.verdeplaza.com.br\/hotelemlivramento\/wp-json\/wp\/v2\/pages\/369\/revisions\/505"}],"wp:attachment":[{"href":"https:\/\/www.verdeplaza.com.br\/hotelemlivramento\/wp-json\/wp\/v2\/media?parent=369"}],"curies":[{"name":"wp","href":"https:\/\/api.w.org\/{rel}","templated":true}]}}