{"id":376,"date":"2019-11-28T11:53:27","date_gmt":"2019-11-28T14:53:27","guid":{"rendered":"http:\/\/www.verdeplaza.com.br\/hotelemlivramento\/?page_id=376"},"modified":"2019-12-17T14:12:34","modified_gmt":"2019-12-17T17:12:34","slug":"agencia-turismo-corticeiras","status":"publish","type":"page","link":"https:\/\/www.verdeplaza.com.br\/hotelemlivramento\/agencia-turismo-corticeiras\/","title":{"rendered":"Ag\u00eancia Turismo Corticeiras"},"content":{"rendered":"\n<p>A Ag\u00eancia surgiu h\u00e1 10 anos por meio da iniciativa de duas amigas, a Vera Reis e a Viviane Maciel de \u00c1vila, hoje, atrav\u00e9s de uma parceria com o Grupo Verde Plaza Hotels, est\u00e1 localizada no t\u00e9rreo do Hotel Verde Plaza. O empreendimento supriu uma grande lacuna e criou um elo importante para movimentar os servi\u00e7os da cidade e consequentemente movimentar o turismo cultural e hist\u00f3rico de Sant\u2019Ana do Livramento e n\u00e3o s\u00f3 o turismo de compras pr\u00f3prio de Rivera\/UY.<\/p>\n\n\n\n<p>Os pacotes oferecidos para ag\u00eancias de viagem incluem hospedagem, alimenta\u00e7\u00e3o, traslados e passeios tur\u00edsticos binacionais, os quais s\u00e3o: Roteiro Vegas, Aventura e Trilhas, Roteiro Friendly, Business Tour, Ferradura dos Vinhedos e City Tour Hist\u00f3rico que agradam a todos os gostos e estilos.<\/p>\n\n\n\n<figure class=\"wp-block-image size-large\"><img decoding=\"async\" loading=\"lazy\" width=\"550\" height=\"157\" src=\"http:\/\/www.verdeplaza.com.br\/hotelemlivramento\/wp-content\/uploads\/2019\/12\/corticeiras.jpg\" alt=\"\" class=\"wp-image-508\" srcset=\"https:\/\/www.verdeplaza.com.br\/hotelemlivramento\/wp-content\/uploads\/2019\/12\/corticeiras.jpg 550w, https:\/\/www.verdeplaza.com.br\/hotelemlivramento\/wp-content\/uploads\/2019\/12\/corticeiras-300x86.jpg 300w, https:\/\/www.verdeplaza.com.br\/hotelemlivramento\/wp-content\/uploads\/2019\/12\/corticeiras-350x100.jpg 350w\" sizes=\"(max-width: 550px) 100vw, 550px\" \/><\/figure>\n","protected":false},"excerpt":{"rendered":"<p>A Ag\u00eancia surgiu h\u00e1 10 anos por meio da iniciativa de duas amigas, a Vera Reis e a Viviane Maciel de \u00c1vila, hoje, atrav\u00e9s de uma parceria com o Grupo Verde Plaza Hotels, est\u00e1 localizada no t\u00e9rreo do Hotel Verde Plaza. O empreendimento supriu uma grande lacuna e criou um elo importante para movimentar os [&hellip;]<\/p>\n","protected":false},"author":1,"featured_media":0,"parent":0,"menu_order":0,"comment_status":"closed","ping_status":"closed","template":"","meta":{"footnotes":""},"_links":{"self":[{"href":"https:\/\/www.verdeplaza.com.br\/hotelemlivramento\/wp-json\/wp\/v2\/pages\/376"}],"collection":[{"href":"https:\/\/www.verdeplaza.com.br\/hotelemlivramento\/wp-json\/wp\/v2\/pages"}],"about":[{"href":"https:\/\/www.verdeplaza.com.br\/hotelemlivramento\/wp-json\/wp\/v2\/types\/page"}],"author":[{"embeddable":true,"href":"https:\/\/www.verdeplaza.com.br\/hotelemlivramento\/wp-json\/wp\/v2\/users\/1"}],"replies":[{"embeddable":true,"href":"https:\/\/www.verdeplaza.com.br\/hotelemlivramento\/wp-json\/wp\/v2\/comments?post=376"}],"version-history":[{"count":2,"href":"https:\/\/www.verdeplaza.com.br\/hotelemlivramento\/wp-json\/wp\/v2\/pages\/376\/revisions"}],"predecessor-version":[{"id":509,"href":"https:\/\/www.verdeplaza.com.br\/hotelemlivramento\/wp-json\/wp\/v2\/pages\/376\/revisions\/509"}],"wp:attachment":[{"href":"https:\/\/www.verdeplaza.com.br\/hotelemlivramento\/wp-json\/wp\/v2\/media?parent=376"}],"curies":[{"name":"wp","href":"https:\/\/api.w.org\/{rel}","templated":true}]}}